{"id":4199,"date":"2016-12-22T10:50:06","date_gmt":"2016-12-22T15:50:06","guid":{"rendered":"http:\/\/graciadedios.ca\/gd\/?page_id=4199"},"modified":"2017-02-19T21:41:01","modified_gmt":"2017-02-20T02:41:01","slug":"en-honor","status":"publish","type":"page","link":"https:\/\/graciadedios.ca\/gd\/en-honor\/","title":{"rendered":"En Honor"},"content":{"rendered":"<p style=\"text-align: center;\"><strong><img loading=\"lazy\" class=\"size-medium wp-image-4389 alignleft\" src=\"http:\/\/graciadedios.ca\/gd\/wp-content\/uploads\/2016\/12\/Octavio-Gina-300x298.jpg\" alt=\"octavio-gina\" width=\"300\" height=\"298\" \/><\/strong><\/p>\n<h2 style=\"text-align: center;\"><b>BIOGRAFIA\u00a0<\/b><\/h2>\n<p>&nbsp;<\/p>\n<p>TORRES, Rev. Dr. Octavio, M.D. &#8211; Nacido el 14 de diciembre de 1943 en Rabinal, Guatemala, recibi\u00f3 a Cristo como su salvador a la edad de seis a\u00f1os. Sus padres Benedicto Torres y Clementina Morales y su esposa Regena Torres. A los trece a\u00f1os vivi\u00f3 por su cuenta para estudiar las comunicaciones telegr\u00e1ficas y trabaj\u00f3 como operador inal\u00e1mbrico para ingresar en la escuela. Estudi\u00f3 medicina y recibi\u00f3 su t\u00edtulo de m\u00e9dico de la Universidad de San Carlos. Se realiz\u00f3 estudios de posgrado en el hospital Roosevalt de Guatemala y en el hospital St Barnabas en Nueva Jersey, Estados Unidos, antes de establecer una pr\u00e1ctica m\u00e9dica privada en Guatemala. Fue activo en la iglesia, ense\u00f1ando y trabajando con la juventud y sirviendo en la Junta Nacional de la Iglesia del Nazareno en Guatemala. En 1980 \u00e9l vino a Canad\u00e1 y trabaj\u00f3 en la investigaci\u00f3n biol\u00f3gica en Montreal. Estudi\u00f3 en las Universidades Concordia y McGill y se preparaba para estudiar medicina at\u00f3mica cuando sinti\u00f3 una llamada al ministerio. Se inscribi\u00f3 en el Toronto Institute for Leadership Training y se gradu\u00f3 en el Toronto Instituto Nazareno. M\u00e1s tarde recibi\u00f3 un doctorado de Canad\u00e1 Christian College y fue Decano de Estudios en Espa\u00f1ol. Plant\u00f3 la Iglesia \u201cGracia de Dios del Nazareno\u201d y sirvi\u00f3 como pastor durante 23 a\u00f1os. \u00a0\u00a0Un hombre humilde consagrado \u00edntegramente a su tarea pastoral que se multiplic\u00f3 en mediciana, consejero, director de establecimientos educativos y que siempre, por sobre todas las cosas, supo guiar, escuchar y asesorar a quienes se acercaba para enriquecernos con su sabidur\u00eda, fe y testimonio.<\/p>\n<p>La Carta a los Hebreos nos dice; Acordaos de vuestros pastores que os hablaron la Palabra de Dios, considerad cual haya sido el resultado de su conducta. Imitad su fe. Este es el mandato que nos dej\u00f3 como aquellos fieles nuestro Pastor Monti permaneciendo fiel durante la vida y hasta la muerte. Honramos y bendecimos su vida.\u00a0 Am\u00e9n\u2026.<\/p>\n<p>&nbsp;<\/p>\n<span class='mb-center maxbutton-6-center'><span class='maxbutton-6-container mb-container'><a class=\"maxbutton-6 maxbutton maxbutton-ver-fotos\" href=\"http:\/\/graciadedios.ca\/gd\/index.php\/galeria\/\"><span class='mb-text'>Ver Fotos<\/span><\/a><\/span><\/span>\n<p>&nbsp;<\/p>\n","protected":false},"excerpt":{"rendered":"<p>BIOGRAFIA\u00a0 &nbsp; TORRES, Rev. Dr. Octavio, M.D. &#8211; Nacido el 14 de diciembre de 1943 en Rabinal, Guatemala, recibi\u00f3 a Cristo como su salvador a la edad de seis a\u00f1os. Sus padres Benedicto Torres y Clementina Morales y su esposa Regena Torres. A los trece a\u00f1os vivi\u00f3 por su cuenta para estudiar las comunicaciones telegr\u00e1ficas [&hellip;]<\/p>\n","protected":false},"author":1,"featured_media":0,"parent":0,"menu_order":0,"comment_status":"closed","ping_status":"closed","template":"","meta":[],"_links":{"self":[{"href":"https:\/\/graciadedios.ca\/gd\/wp-json\/wp\/v2\/pages\/4199"}],"collection":[{"href":"https:\/\/graciadedios.ca\/gd\/wp-json\/wp\/v2\/pages"}],"about":[{"href":"https:\/\/graciadedios.ca\/gd\/wp-json\/wp\/v2\/types\/page"}],"author":[{"embeddable":true,"href":"https:\/\/graciadedios.ca\/gd\/wp-json\/wp\/v2\/users\/1"}],"replies":[{"embeddable":true,"href":"https:\/\/graciadedios.ca\/gd\/wp-json\/wp\/v2\/comments?post=4199"}],"version-history":[{"count":27,"href":"https:\/\/graciadedios.ca\/gd\/wp-json\/wp\/v2\/pages\/4199\/revisions"}],"predecessor-version":[{"id":4611,"href":"https:\/\/graciadedios.ca\/gd\/wp-json\/wp\/v2\/pages\/4199\/revisions\/4611"}],"wp:attachment":[{"href":"https:\/\/graciadedios.ca\/gd\/wp-json\/wp\/v2\/media?parent=4199"}],"curies":[{"name":"wp","href":"https:\/\/api.w.org\/{rel}","templated":true}]}}