{"id":4109,"date":"2016-12-21T10:58:24","date_gmt":"2016-12-21T15:58:24","guid":{"rendered":"http:\/\/graciadedios.ca\/gd\/?page_id=4109"},"modified":"2016-12-21T15:48:28","modified_gmt":"2016-12-21T20:48:28","slug":"jovenes-adultos","status":"publish","type":"page","link":"http:\/\/graciadedios.ca\/gd\/jovenes-adultos\/","title":{"rendered":"J\u00d3VENES ADULTOS"},"content":{"rendered":"<p><img loading=\"lazy\" class=\"size-medium wp-image-4138 alignleft\" src=\"http:\/\/graciadedios.ca\/gd\/wp-content\/uploads\/2016\/12\/Eddy-1-250x300.jpg\" alt=\"eddy\" width=\"250\" height=\"300\" srcset=\"http:\/\/graciadedios.ca\/gd\/wp-content\/uploads\/2016\/12\/Eddy-1-250x300.jpg 250w, http:\/\/graciadedios.ca\/gd\/wp-content\/uploads\/2016\/12\/Eddy-1.jpg 500w\" sizes=\"(max-width: 250px) 100vw, 250px\" \/><b>Eddy Quiroz<\/b>:<br \/>\nDirector de j\u00f3venes Adultos de la iglesia.<\/p>\n<p>Desde que la Iglesia del Nazareno dio apertura a la creaci\u00f3n del ministerio juvenil, \u00e9ste siempre ha tenido como texto lema las palabras que Pablo da a Timoteo: \u201cNinguno tenga en poco tu juventud, sino s\u00e9 ejemplo de los creyentes en palabra, amor, esp\u00edritu, fe y pureza\u201d (1\u00aa Timoteo 4:12).<\/p>\n<p>Un potencial l\u00edder o pastor de j\u00f3venes es aquel que ha aprendido a leer los tiempos, para encausar a los j\u00f3venes y proponer un evangelismo agresivo, din\u00e1mico, creativo y contextual. Por lo tanto s\u00e9 y evangeliza por medio de las siguientes \u00e1reas: orando, invitando, involucr\u00e1ndose, discipulando y testificando con tu vida. El modelo a seguir es Jes\u00fas para poder ser como \u00e9l, para ser sal y luz de esta tierra para ser apampamos y llevar mucho fruto. S\u00e9 y evangeliza es todo un ministerio que requiere de: Pasi\u00f3n, intencionalidad, compromiso y visi\u00f3n El anuncio o la presentaci\u00f3n de las buenas nuevas deben ser la prioridad de todos, ya que por herencia llevamos dentro de nosotros el ADN del evangelio Pablo lo dice as\u00ed: Sin embargo cuando predico el evangelio, no tengo de qu\u00e9 enorgullecerme, ya que estoy bajo la obligaci\u00f3n de hacerlo: \u00a1ay de m\u00ed si no predico el evangelio! 1\u00aa. Corintios 9:16 (NVI).<\/p>\n<p>&nbsp;<\/p>\n","protected":false},"excerpt":{"rendered":"<p>Eddy Quiroz: Director de j\u00f3venes Adultos de la iglesia. Desde que la Iglesia del Nazareno dio apertura a la creaci\u00f3n del ministerio juvenil, \u00e9ste siempre ha tenido como texto lema las palabras que Pablo da a Timoteo: \u201cNinguno tenga en poco tu juventud, sino s\u00e9 ejemplo de los creyentes en palabra, amor, esp\u00edritu, fe y [&hellip;]<\/p>\n","protected":false},"author":1,"featured_media":0,"parent":0,"menu_order":0,"comment_status":"closed","ping_status":"closed","template":"","meta":[],"_links":{"self":[{"href":"http:\/\/graciadedios.ca\/gd\/wp-json\/wp\/v2\/pages\/4109"}],"collection":[{"href":"http:\/\/graciadedios.ca\/gd\/wp-json\/wp\/v2\/pages"}],"about":[{"href":"http:\/\/graciadedios.ca\/gd\/wp-json\/wp\/v2\/types\/page"}],"author":[{"embeddable":true,"href":"http:\/\/graciadedios.ca\/gd\/wp-json\/wp\/v2\/users\/1"}],"replies":[{"embeddable":true,"href":"http:\/\/graciadedios.ca\/gd\/wp-json\/wp\/v2\/comments?post=4109"}],"version-history":[{"count":6,"href":"http:\/\/graciadedios.ca\/gd\/wp-json\/wp\/v2\/pages\/4109\/revisions"}],"predecessor-version":[{"id":4172,"href":"http:\/\/graciadedios.ca\/gd\/wp-json\/wp\/v2\/pages\/4109\/revisions\/4172"}],"wp:attachment":[{"href":"http:\/\/graciadedios.ca\/gd\/wp-json\/wp\/v2\/media?parent=4109"}],"curies":[{"name":"wp","href":"https:\/\/api.w.org\/{rel}","templated":true}]}}