{"id":4104,"date":"2016-12-21T10:56:43","date_gmt":"2016-12-21T15:56:43","guid":{"rendered":"http:\/\/graciadedios.ca\/gd\/?page_id=4104"},"modified":"2016-12-21T15:37:17","modified_gmt":"2016-12-21T20:37:17","slug":"ninos","status":"publish","type":"page","link":"http:\/\/graciadedios.ca\/gd\/ninos\/","title":{"rendered":"NI\u00d1OS"},"content":{"rendered":"<div align=\"left\">\n<p><img loading=\"lazy\" class=\"alignleft\" src=\"http:\/\/graciadedios.ca\/gd\/wp-content\/uploads\/2016\/12\/Claudia-250x300.jpg\" alt=\"claudia\" width=\"250\" height=\"300\" \/><strong>Claudia\u00a0Lemus<\/strong>:<br \/>\nDirector del ministerio de ni\u00f1os de la iglesia.<\/p>\n<p><strong>Cuando hablamos de ministerio, \u00bfqu\u00e9 viene a nuestra mente?<\/strong><\/p>\n<\/div>\n<div>\n<p>Es interesante que esta palabra deriva del lat\u00edn minister\u012dum, que significa servicio. Entonces, cuando hablamos de ministerio en la iglesia nos referimos al servicio que hacemos en beneficio de alguien.<\/p>\n<p>En el tema de los ni\u00f1os, hay infinidad de maneras en que podemos servir para que \u00e9stas peque\u00f1as vidas que est\u00e1n despertando a un mundo tan convulso y complicado, encuentren un camino que les ayude a llevar su vida adelante. Es importante que podamos guiarlas a aquel que har\u00e1 que sus vidas sean diferentes.<\/p>\n<p>Cuando servimos en un ministerio entre ni\u00f1os, los ayudamos para que una vez salvos puedan crecer en el conocimiento de la Palabra de Dios \u201ca fin de llegar a ser como Dios quiere que sean a fin de perfeccionar a los santos para la obra del ministerio, para la edificaci\u00f3n del cuerpo de Cristo, hasta que todos lleguemos a la unidad de la fe y del conocimiento del Hijo de Dios, a un var\u00f3n perfecto, a la medida de la estatura de la plenitud de Cristo\u201d (Efesios 4:12-13). \u00a1Qu\u00e9 desaf\u00edo tenemos por delante! \u00a1Qu\u00e9 emoci\u00f3n saber que podemos ayudar para que una vida desde sus primeros a\u00f1os conozca Jes\u00fas y cambie para siempre!<\/p>\n<p>El Ministerio entre ni\u00f1os est\u00e1 formado por distintos ministerios que ayudar\u00e1n a los ni\u00f1os a crecer en su fe y el conocimiento de Dios. Entre los ministerios que contamos est\u00e1n:<\/p>\n<p><strong>Clases de Escuela Dominical:<\/strong> Un estudio de la Biblia semanal de una hora.<\/p>\n<p><strong>Discipulado:<\/strong> Lecciones de crecimiento b\u00e1sico en el conocimiento de la doctrina y de acercamiento al ni\u00f1o como un disc\u00edpulo.<\/p>\n<p><strong>Campamento:<\/strong> Un tiempo especial de recreaci\u00f3n, compa\u00f1erismo y aprendizaje de la Palabra de Dios.<\/p>\n<p><strong>Escuela B\u00edblica Vacacional:<\/strong> Una escuela donde el ni\u00f1os aprenden desde la m\u00fasica, manualidades, juegos y pueden acercar a otros ni\u00f1os a la iglesia.<\/p>\n<p><strong>Esgrima B\u00edblico Infantil:<\/strong> Un ministerio que por medio de juegos y sana competencia desaf\u00eda al ni\u00f1o a estudiar la Palabra de Dios.<\/p>\n<p><strong>Culto Infantil:<\/strong> Un culto dise\u00f1ado por y para los ni\u00f1os y las ni\u00f1as.<\/p>\n<p>Todos estos son recursos a los cuales podemos acceder y usando los diferentes talentos que tenemos en la iglesia edificar la vida de los ni\u00f1os que no son \u201cla iglesia del ma\u00f1ana\u201d, sino \u201cla iglesia de hoy\u201d. Si no velamos y pastoreamos sus vidas hoy, quiz\u00e1 ma\u00f1ana ya no est\u00e9n.<\/p>\n<p>Tomemos este desaf\u00edo y sirvamos a nuestro Dios por medio de los diferentes ministerios que hoy tenemos al alcance.<\/p>\n<p><strong><em>\u201cPor eso, mis queridos hermanos, mant\u00e9nganse firmes, y nunca dejen de trabajar m\u00e1s y m\u00e1s por el Se\u00f1or Jes\u00fas. Y sepan que nada de lo que hacen para Dios es in\u00fatil\u201d (1 Corintios 15:58 TLA).<\/em><\/strong><\/p>\n<\/div>\n","protected":false},"excerpt":{"rendered":"<p>Claudia\u00a0Lemus: Director del ministerio de ni\u00f1os de la iglesia. Cuando hablamos de ministerio, \u00bfqu\u00e9 viene a nuestra mente? Es interesante que esta palabra deriva del lat\u00edn minister\u012dum, que significa servicio. Entonces, cuando hablamos de ministerio en la iglesia nos referimos al servicio que hacemos en beneficio de alguien. En el tema de los ni\u00f1os, hay [&hellip;]<\/p>\n","protected":false},"author":1,"featured_media":0,"parent":0,"menu_order":0,"comment_status":"closed","ping_status":"closed","template":"","meta":[],"_links":{"self":[{"href":"http:\/\/graciadedios.ca\/gd\/wp-json\/wp\/v2\/pages\/4104"}],"collection":[{"href":"http:\/\/graciadedios.ca\/gd\/wp-json\/wp\/v2\/pages"}],"about":[{"href":"http:\/\/graciadedios.ca\/gd\/wp-json\/wp\/v2\/types\/page"}],"author":[{"embeddable":true,"href":"http:\/\/graciadedios.ca\/gd\/wp-json\/wp\/v2\/users\/1"}],"replies":[{"embeddable":true,"href":"http:\/\/graciadedios.ca\/gd\/wp-json\/wp\/v2\/comments?post=4104"}],"version-history":[{"count":17,"href":"http:\/\/graciadedios.ca\/gd\/wp-json\/wp\/v2\/pages\/4104\/revisions"}],"predecessor-version":[{"id":4168,"href":"http:\/\/graciadedios.ca\/gd\/wp-json\/wp\/v2\/pages\/4104\/revisions\/4168"}],"wp:attachment":[{"href":"http:\/\/graciadedios.ca\/gd\/wp-json\/wp\/v2\/media?parent=4104"}],"curies":[{"name":"wp","href":"https:\/\/api.w.org\/{rel}","templated":true}]}}