{"id":3949,"date":"2016-11-14T13:03:16","date_gmt":"2016-11-14T18:03:16","guid":{"rendered":"http:\/\/graciadedios.ca\/gd\/?page_id=3949"},"modified":"2016-12-21T15:34:41","modified_gmt":"2016-12-21T20:34:41","slug":"youth","status":"publish","type":"page","link":"http:\/\/graciadedios.ca\/gd\/youth\/","title":{"rendered":"JOVENES"},"content":{"rendered":"<p><img loading=\"lazy\" class=\"size-medium wp-image-4135 alignleft\" src=\"http:\/\/graciadedios.ca\/gd\/wp-content\/uploads\/2016\/12\/Ana-250x300.jpg\" alt=\"ana\" width=\"250\" height=\"300\" srcset=\"http:\/\/graciadedios.ca\/gd\/wp-content\/uploads\/2016\/12\/Ana-250x300.jpg 250w, http:\/\/graciadedios.ca\/gd\/wp-content\/uploads\/2016\/12\/Ana.jpg 500w\" sizes=\"(max-width: 250px) 100vw, 250px\" \/>La misi\u00f3n de la <strong>Juventud Nazarena <\/strong>\u00a0es llevar a los j\u00f3venes a una vida din\u00e1mica en Cristo. Como equipo, sentimos que Dios mismo nos ha encomendado la vida de millones de j\u00f3venes en Sudam\u00e9rica. Las tres bases del ministerio nos ayudan a cumplir este prop\u00f3sito, que no debe ser un \u201clema\u201d sino un estilo de vida.<\/p>\n<p><strong>Vivir la Gran<\/strong><strong> Comisi\u00f3n<\/strong>: En la calle, donde hay chicos viviendo. En las plazas, donde hay j\u00f3venes drog\u00e1ndose. En lugares que nadie se animar\u00eda a entrar con un prop\u00f3sito divino. En los colegios y universidades, donde el humanismo permea los curr\u00edculos. El desaf\u00edo est\u00e1 planteado y Dios espera que asumamos el reto. \u00a1No estaremos solos, \u00c9l promete su presencia con nosotros!<\/p>\n<p><strong>Ana Alicia Lemus<\/strong>:<br \/>\nDirector de j\u00f3venes de la iglesia.<\/p>\n","protected":false},"excerpt":{"rendered":"<p>La misi\u00f3n de la Juventud Nazarena \u00a0es llevar a los j\u00f3venes a una vida din\u00e1mica en Cristo. Como equipo, sentimos que Dios mismo nos ha encomendado la vida de millones de j\u00f3venes en Sudam\u00e9rica. Las tres bases del ministerio nos ayudan a cumplir este prop\u00f3sito, que no debe ser un \u201clema\u201d sino un estilo de [&hellip;]<\/p>\n","protected":false},"author":1,"featured_media":0,"parent":0,"menu_order":0,"comment_status":"closed","ping_status":"closed","template":"","meta":[],"_links":{"self":[{"href":"http:\/\/graciadedios.ca\/gd\/wp-json\/wp\/v2\/pages\/3949"}],"collection":[{"href":"http:\/\/graciadedios.ca\/gd\/wp-json\/wp\/v2\/pages"}],"about":[{"href":"http:\/\/graciadedios.ca\/gd\/wp-json\/wp\/v2\/types\/page"}],"author":[{"embeddable":true,"href":"http:\/\/graciadedios.ca\/gd\/wp-json\/wp\/v2\/users\/1"}],"replies":[{"embeddable":true,"href":"http:\/\/graciadedios.ca\/gd\/wp-json\/wp\/v2\/comments?post=3949"}],"version-history":[{"count":6,"href":"http:\/\/graciadedios.ca\/gd\/wp-json\/wp\/v2\/pages\/3949\/revisions"}],"predecessor-version":[{"id":4165,"href":"http:\/\/graciadedios.ca\/gd\/wp-json\/wp\/v2\/pages\/3949\/revisions\/4165"}],"wp:attachment":[{"href":"http:\/\/graciadedios.ca\/gd\/wp-json\/wp\/v2\/media?parent=3949"}],"curies":[{"name":"wp","href":"https:\/\/api.w.org\/{rel}","templated":true}]}}