{"id":3942,"date":"2016-11-14T12:58:03","date_gmt":"2016-11-14T17:58:03","guid":{"rendered":"http:\/\/graciadedios.ca\/gd\/?page_id=3942"},"modified":"2016-12-25T14:49:36","modified_gmt":"2016-12-25T19:49:36","slug":"conectar","status":"publish","type":"page","link":"http:\/\/graciadedios.ca\/gd\/conectar\/","title":{"rendered":"MINISTERIOS"},"content":{"rendered":"<p>[vc_column] <div class=\" header\"><div class=\"icon hi-icon-color hi-icon-effect animated\"  data-animation=\"fadeInUp\"  data-animation-delay=\"200\" >\r\n                  <span class=\"hi-icon\"><i class=\"fa fa fa-users\"><\/i><\/span>          \r\n                <\/div> <h2 class=\"animated\"    data-animation-delay=\"200\"  >Minist\u00e9rios<\/h2><div class=\"description animated\"  > <\/div><\/div>\r\n      <div class=\"team \">\r\n        <div class=\"container\">\r\n            <div class=\"contents team-carousel animated\" data-pagination=\"false\" data-slidespeed=\"\" data-autoplay=\"false\" data-carousel_columns = \"3 \"  data-animation-delay=\"200\">\r\n                           <div class=\"block \">\r\n                  <div class=\"pic\">\r\n                                  <img src=\"http:\/\/graciadedios.ca\/gd\/wp-content\/uploads\/2016\/12\/Eddy-1.jpg\" class=\"img-responsive\" alt=\"\"\/>\r\n                                <\/div>  <div class=\"name\"> <a href=\" `{`maxbutton id=``2```}`\">Eddy Quiroz<\/a><\/div> <div class=\"designation\"> Director de j\u00f3venes Adultos<\/div><div class=\"description\"> Desde que la Iglesia del Nazareno dio apertura a la creaci\u00f3n del ministerio juvenil, \u00e9ste siempre ha tenido como texto lema las palabras que Pablo da a Timoteo: \u201cNinguno tenga en poco tu juventud, sino s\u00e9 ejemplo de los creyentes en palabra, amor, esp\u00edritu, fe y pureza\u201d El joven es la fuerza motora de la iglesia. (1\u00aa Timoteo 4:12)<\/div>\r\n                  <div class=\"social-icons\">\r\n                      <ul>\r\n                         <span class='mb-center maxbutton-2-center'><span class='maxbutton-2-container mb-container'><a class=\"maxbutton-2 maxbutton\" href=\"http:\/\/graciadedios.ca\/gd\/index.php\/jovenes-adultos\/\"><span class='mb-text'>Leer Mas<\/span><\/a><\/span><\/span>\r\n                      <\/ul>\r\n                  <\/div>\r\n                <\/div><div class=\"block \">\r\n                  <div class=\"pic\">\r\n                                  <img src=\"http:\/\/graciadedios.ca\/gd\/wp-content\/uploads\/2016\/12\/Ana.jpg\" class=\"img-responsive\" alt=\"\"\/>\r\n                                <\/div>  <div class=\"name\"> <a href=\"`{`maxbutton id=``4```}`\">Ana Alicia Lemus<\/a><\/div> <div class=\"designation\"> Director de j\u00f3venes<\/div><div class=\"description\"> La misi\u00f3n de la Juventud Nazarena es llevar a los j\u00f3venes a una vida din\u00e1mica en Cristo. Como equipo, sentimos que Dios mismo nos ha encomendado la vida de millones de j\u00f3venes en Sudam\u00e9rica. Las tres bases del ministerio nos ayudan a cumplir este prop\u00f3sito, que no debe ser un \u201clema\u201d sino un estilo de vida. <\/div>\r\n                  <div class=\"social-icons\">\r\n                      <ul>\r\n                        <span class='mb-center maxbutton-4-center'><span class='maxbutton-4-container mb-container'><a class=\"maxbutton-4 maxbutton\" href=\"http:\/\/graciadedios.ca\/gd\/index.php\/youth\/\"><span class='mb-text'>Leer Mas<\/span><\/a><\/span><\/span>\r\n                      <\/ul>\r\n                  <\/div>\r\n                <\/div><div class=\"block \">\r\n                  <div class=\"pic\">\r\n                                  <img src=\"http:\/\/graciadedios.ca\/gd\/wp-content\/uploads\/2016\/12\/Claudia.jpg\" class=\"img-responsive\" alt=\"\"\/>\r\n                                <\/div>  <div class=\"name\"> <a href=\"`{`maxbutton id=``3```}`\">Claudia Lemus<\/a><\/div> <div class=\"designation\"> Director del ministerio de ni\u00f1os<\/div><div class=\"description\"> En el tema de los ni\u00f1os, hay infinidad de maneras en que podemos servir para que \u00e9stas peque\u00f1as vidas que est\u00e1n despertando a un mundo tan convulso y complicado, encuentren un camino que les ayude a llevar su vida adelante. Es importante que podamos guiarlas a aquel que har\u00e1 que sus vidas sean diferentes.<\/div>\r\n                  <div class=\"social-icons\">\r\n                      <ul>\r\n                        <span class='mb-center maxbutton-3-center'><span class='maxbutton-3-container mb-container'><a class=\"maxbutton-3 maxbutton\" href=\"http:\/\/graciadedios.ca\/gd\/index.php\/ninos\/\"><span class='mb-text'>Leer Mas<\/span><\/a><\/span><\/span>\r\n                      <\/ul>\r\n                  <\/div>\r\n                <\/div>\r\n          <\/div>\r\n        <\/div>\r\n      <\/div>[vc_row_inner][vc_column_inner][\/vc_column_inner][\/vc_row_inner][\/vc_column]<\/p>\n","protected":false},"excerpt":{"rendered":"<p>[vc_column][vc_row_inner][vc_column_inner][\/vc_column_inner][\/vc_row_inner][\/vc_column]<\/p>\n","protected":false},"author":1,"featured_media":0,"parent":0,"menu_order":0,"comment_status":"closed","ping_status":"closed","template":"","meta":[],"_links":{"self":[{"href":"http:\/\/graciadedios.ca\/gd\/wp-json\/wp\/v2\/pages\/3942"}],"collection":[{"href":"http:\/\/graciadedios.ca\/gd\/wp-json\/wp\/v2\/pages"}],"about":[{"href":"http:\/\/graciadedios.ca\/gd\/wp-json\/wp\/v2\/types\/page"}],"author":[{"embeddable":true,"href":"http:\/\/graciadedios.ca\/gd\/wp-json\/wp\/v2\/users\/1"}],"replies":[{"embeddable":true,"href":"http:\/\/graciadedios.ca\/gd\/wp-json\/wp\/v2\/comments?post=3942"}],"version-history":[{"count":6,"href":"http:\/\/graciadedios.ca\/gd\/wp-json\/wp\/v2\/pages\/3942\/revisions"}],"predecessor-version":[{"id":4474,"href":"http:\/\/graciadedios.ca\/gd\/wp-json\/wp\/v2\/pages\/3942\/revisions\/4474"}],"wp:attachment":[{"href":"http:\/\/graciadedios.ca\/gd\/wp-json\/wp\/v2\/media?parent=3942"}],"curies":[{"name":"wp","href":"https:\/\/api.w.org\/{rel}","templated":true}]}}